{"id":104,"date":"2013-08-28T21:21:12","date_gmt":"2013-08-28T19:21:12","guid":{"rendered":"http:\/\/www.berc.rs\/?page_id=104"},"modified":"2019-11-21T22:47:00","modified_gmt":"2019-11-21T21:47:00","slug":"podsticanje-pravilnog-socijalnog-razvoja-dece","status":"publish","type":"page","link":"https:\/\/www.berc.rs\/?page_id=104","title":{"rendered":"Podsticanje pravilnog  socijalnog razvoja dece"},"content":{"rendered":"<p>Podrazumeva\u00a0 formiranje i u\u010dvr\u0161\u0107ivanje prosocijalnih stavova i\u00a0 oblika pona\u0161anja u cilju razvijanja socijalozovane, zrele i dobro integrisane li\u010dnosti.<\/p>\n<p>Program\u00a0 namenjen deci uzrasta od 3. do 7. godine, doprinosi razvoju pozitivnih stavova, interakcije sa vr\u0161njacima, partnerskih odnosa, razumevanju tu\u0111ih potreba i stavova,\u00a0 prilago\u0111avanju drugima, usvajanju pravila dru\u0161tvenog pona\u0161anja, a sve u cilju razvoja de\u010dije socijabilnosti. Navedene ve\u0161tine i pona\u0161anja deca usvajaju kroz organizovane i zabavne aktivnosti.<\/p>\n<p>Program namenjen deci \u0161kolskog uzrasta, bavi se informisanjem i edukacijom dece o rizicima i \u0161tetnim posledicama prestupni\u010dkog pona\u0161anja, promovi\u0161e zdrave stilove \u017eivota, usmerava mlade ka zdravim i kreativnim izborima, razvija ve\u0161tine komuniciranja,\u00a0 doprinosi razvijanju pozitivnih stavova, socijalnih i \u017eivotnih ve\u0161tina. Program se realizuje kroz razli\u010dite oblike rada i posredno deluje na spre\u010davanje ispoljavanja onih oblika pona\u0161anja koja su nepo\u017eeljna i destruktivna.<\/p>\n","protected":false},"excerpt":{"rendered":"<p>Podrazumeva\u00a0 formiranje i u\u010dvr\u0161\u0107ivanje prosocijalnih stavova i\u00a0 oblika pona\u0161anja u cilju razvijanja socijalozovane, zrele i dobro integrisane li\u010dnosti. Program\u00a0 namenjen deci uzrasta od 3. do 7. godine, doprinosi razvoju pozitivnih stavova, interakcije sa vr\u0161njacima, partnerskih odnosa, razumevanju tu\u0111ih potreba i stavova,\u00a0 prilago\u0111avanju drugima, usvajanju pravila dru\u0161tvenog pona\u0161anja, a sve u cilju razvoja de\u010dije socijabilnosti. Navedene [&hellip;]<\/p>\n","protected":false},"author":1,"featured_media":0,"parent":2,"menu_order":4,"comment_status":"closed","ping_status":"closed","template":"","meta":{"footnotes":""},"_links":{"self":[{"href":"https:\/\/www.berc.rs\/index.php?rest_route=\/wp\/v2\/pages\/104"}],"collection":[{"href":"https:\/\/www.berc.rs\/index.php?rest_route=\/wp\/v2\/pages"}],"about":[{"href":"https:\/\/www.berc.rs\/index.php?rest_route=\/wp\/v2\/types\/page"}],"author":[{"embeddable":true,"href":"https:\/\/www.berc.rs\/index.php?rest_route=\/wp\/v2\/users\/1"}],"replies":[{"embeddable":true,"href":"https:\/\/www.berc.rs\/index.php?rest_route=%2Fwp%2Fv2%2Fcomments&post=104"}],"version-history":[{"count":0,"href":"https:\/\/www.berc.rs\/index.php?rest_route=\/wp\/v2\/pages\/104\/revisions"}],"up":[{"embeddable":true,"href":"https:\/\/www.berc.rs\/index.php?rest_route=\/wp\/v2\/pages\/2"}],"wp:attachment":[{"href":"https:\/\/www.berc.rs\/index.php?rest_route=%2Fwp%2Fv2%2Fmedia&parent=104"}],"curies":[{"name":"wp","href":"https:\/\/api.w.org\/{rel}","templated":true}]}}