{"id":106,"date":"2013-08-28T21:22:58","date_gmt":"2013-08-28T19:22:58","guid":{"rendered":"http:\/\/www.berc.rs\/?page_id=106"},"modified":"2021-02-07T00:26:04","modified_gmt":"2021-02-06T23:26:04","slug":"rana-detekcija-dijagnostika-i-tretman-neprihvatljivog-ponasanja-kod-dece-i-omladine","status":"publish","type":"page","link":"https:\/\/www.berc.rs\/?page_id=106","title":{"rendered":"Rana detekcija, dijagnostika i tretman neprihvatljivog pona\u0161anja dece i omladine"},"content":{"rendered":"<p><b>a)<\/b> Rano otkrivanje poreme\u0107aja u pona\u0161anju pove\u0107ava uspe\u0161nost intervencije. Primenom dijagnosti\u010dkih procedura&nbsp; otkrivaju se &nbsp;faktori koji upu\u0107uju na rizik ili &nbsp;razli\u010dita odstupanja na svim podru\u010dijima funkcionisanja dece i mladih &nbsp;uklju\u010duju\u0107i: odnos sa porodicom, vr\u0161njacima, autoritetima; problemi u ishrani, spavanju i nevoljne radnje, povu\u010denost, laganje, kra\u0111e, agresivnost, nasilje, neopravdano izostajanje sa nastave, lo\u0161 \u0161kolski uspeh, be\u017eanje od ku\u0107e i skitni\u010denje, kori\u0161\u0107enje PAS-a..<\/p>\n<p>Neprepoznavanje i neadekvatno reagovanje na pojavu poreme\u0107aja u pona\u0161anju, \u010desto uzrokuje&nbsp; te\u017ee probleme, pri \u010demu pona\u0161anje postaje ozbiljno naru\u0161eno, a prognoza pozitivnih promena je u tom slu\u010daju slabija.<\/p>\n<p><b>b) <\/b>Tretman poreme\u0107aja u pona\u0161anju predstavlja organizovanu plansku i sistemsku aktivnost usmerenu ka neutralizaciji i otklanjanju problema i omogu\u0107avanju, podsticanju i podr\u017eavanju optimalnog razvoja li\u010dnosti. Obuhvata niz vaspino- korektivnih aktivnosti, a programske intervencije su podeljene prema oblastima delovanja \u2013 deca i mladi, &nbsp;porodica, \u0161kola.<\/p>\n","protected":false},"excerpt":{"rendered":"<p>a) Rano otkrivanje poreme\u0107aja u pona\u0161anju pove\u0107ava uspe\u0161nost intervencije. Primenom dijagnosti\u010dkih procedura&nbsp; otkrivaju se &nbsp;faktori koji upu\u0107uju na rizik ili &nbsp;razli\u010dita odstupanja na svim podru\u010dijima funkcionisanja dece i mladih &nbsp;uklju\u010duju\u0107i: odnos sa porodicom, vr\u0161njacima, autoritetima; problemi u ishrani, spavanju i nevoljne radnje, povu\u010denost, laganje, kra\u0111e, agresivnost, nasilje, neopravdano izostajanje sa nastave, lo\u0161 \u0161kolski uspeh, be\u017eanje [&hellip;]<\/p>\n","protected":false},"author":1,"featured_media":0,"parent":2,"menu_order":5,"comment_status":"closed","ping_status":"closed","template":"","meta":{"footnotes":""},"_links":{"self":[{"href":"https:\/\/www.berc.rs\/index.php?rest_route=\/wp\/v2\/pages\/106"}],"collection":[{"href":"https:\/\/www.berc.rs\/index.php?rest_route=\/wp\/v2\/pages"}],"about":[{"href":"https:\/\/www.berc.rs\/index.php?rest_route=\/wp\/v2\/types\/page"}],"author":[{"embeddable":true,"href":"https:\/\/www.berc.rs\/index.php?rest_route=\/wp\/v2\/users\/1"}],"replies":[{"embeddable":true,"href":"https:\/\/www.berc.rs\/index.php?rest_route=%2Fwp%2Fv2%2Fcomments&post=106"}],"version-history":[{"count":0,"href":"https:\/\/www.berc.rs\/index.php?rest_route=\/wp\/v2\/pages\/106\/revisions"}],"up":[{"embeddable":true,"href":"https:\/\/www.berc.rs\/index.php?rest_route=\/wp\/v2\/pages\/2"}],"wp:attachment":[{"href":"https:\/\/www.berc.rs\/index.php?rest_route=%2Fwp%2Fv2%2Fmedia&parent=106"}],"curies":[{"name":"wp","href":"https:\/\/api.w.org\/{rel}","templated":true}]}}