{"id":108,"date":"2013-08-28T21:23:53","date_gmt":"2013-08-28T19:23:53","guid":{"rendered":"http:\/\/www.berc.rs\/?page_id=108"},"modified":"2014-03-26T09:09:04","modified_gmt":"2014-03-26T08:09:04","slug":"program-rada-psihologa","status":"publish","type":"page","link":"https:\/\/www.berc.rs\/?page_id=108","title":{"rendered":"Program rada psihologa"},"content":{"rendered":"<p>Razvijanje emocionalnih ve\u0161tina (samosvesti, upravljanje emocijama, samomotivacija, prepoznavanje emocija kod drugih, ume\u0107e odr\u017eavanja me\u0111uljudskih odnosa) radi kvalitetnijeg \u017eivota i postizanja uspeha u \u0161kolovanju i profesiji.<\/p>\n<p>Psihodijagnostika i psiholo\u0161ko savetovanje primenom razli\u010ditih pristupa.<\/p>\n<p>Testiranje spremnosti deteta za polazak u \u0161kolu.<\/p>\n<p>Psiholo\u0161ka i neurolo\u0161ka dijagnostika uzroka te\u0161ko\u0107a u u\u010denju i razvojnih smetnji.<\/p>\n<p>Sprovo\u0111enje\u00a0 terapijskih postupaka za korigovanje te\u0161ko\u0107a i smetnji, pra\u0107enje efekata njihove primene.<\/p>\n<p>Savetodavni rad sa roditeljima.<\/p>\n<p>Profesionalna orijentacija (testiranje kognitivnih sposobnosti, osobina li\u010dnosti, interesovanja) i savetovanje za izbor \u0161kole i zanimanja.<\/p>\n","protected":false},"excerpt":{"rendered":"<p>Razvijanje emocionalnih ve\u0161tina (samosvesti, upravljanje emocijama, samomotivacija, prepoznavanje emocija kod drugih, ume\u0107e odr\u017eavanja me\u0111uljudskih odnosa) radi kvalitetnijeg \u017eivota i postizanja uspeha u \u0161kolovanju i profesiji. Psihodijagnostika i psiholo\u0161ko savetovanje primenom razli\u010ditih pristupa. Testiranje spremnosti deteta za polazak u \u0161kolu. Psiholo\u0161ka i neurolo\u0161ka dijagnostika uzroka te\u0161ko\u0107a u u\u010denju i razvojnih smetnji. Sprovo\u0111enje\u00a0 terapijskih postupaka za korigovanje [&hellip;]<\/p>\n","protected":false},"author":1,"featured_media":0,"parent":2,"menu_order":6,"comment_status":"closed","ping_status":"closed","template":"","meta":{"footnotes":""},"_links":{"self":[{"href":"https:\/\/www.berc.rs\/index.php?rest_route=\/wp\/v2\/pages\/108"}],"collection":[{"href":"https:\/\/www.berc.rs\/index.php?rest_route=\/wp\/v2\/pages"}],"about":[{"href":"https:\/\/www.berc.rs\/index.php?rest_route=\/wp\/v2\/types\/page"}],"author":[{"embeddable":true,"href":"https:\/\/www.berc.rs\/index.php?rest_route=\/wp\/v2\/users\/1"}],"replies":[{"embeddable":true,"href":"https:\/\/www.berc.rs\/index.php?rest_route=%2Fwp%2Fv2%2Fcomments&post=108"}],"version-history":[{"count":0,"href":"https:\/\/www.berc.rs\/index.php?rest_route=\/wp\/v2\/pages\/108\/revisions"}],"up":[{"embeddable":true,"href":"https:\/\/www.berc.rs\/index.php?rest_route=\/wp\/v2\/pages\/2"}],"wp:attachment":[{"href":"https:\/\/www.berc.rs\/index.php?rest_route=%2Fwp%2Fv2%2Fmedia&parent=108"}],"curies":[{"name":"wp","href":"https:\/\/api.w.org\/{rel}","templated":true}]}}