{"id":1706,"date":"2022-09-30T23:14:03","date_gmt":"2022-09-30T21:14:03","guid":{"rendered":"http:\/\/www.berc.rs\/?page_id=1706"},"modified":"2022-10-01T22:11:17","modified_gmt":"2022-10-01T20:11:17","slug":"psihoterapija","status":"publish","type":"page","link":"https:\/\/www.berc.rs\/?page_id=1706","title":{"rendered":"Psihoterapija"},"content":{"rendered":"<div class=\"wpb-content-wrapper\"><p>[vc_row][vc_column][vc_column_text]<\/p>\n<h2 style=\"text-align: center;\">ATOS METOD<\/h2>\n<p>&nbsp;<\/p>\n<h3 style=\"text-align: center;\">ATOS metod je nova psihoterapijska tehnika tj. skup od 6 ve\u017ebi koje doprinose aktiviranju uro\u0111ene tendencije ka uspostavlju unutra\u0161nje ravnote\u017ee i na taj na\u010din spre\u010davaju ili elimini\u0161u psihosomatske poreme\u0107aje.<\/h3>\n<p>&nbsp;<\/p>\n<h4>Autor je Milenko Vlajkov , internacionalni supervizor za racionalno-emocionalnu i kognitivno bihejvioralnu terapiju (RE&amp;CBT) , direktor edukacija u Srpskom centru za RE&amp;CBT koji poseduje nema\u010dku licencu za psihoterapiju .<\/h4>\n<h4>Nau\u010dno zasnovano istra\u017eivanje je pokazalo da primena ATOS METODE u trajanju od 6 meseci dovodi do :<\/h4>\n<h4>&#8211; Uskla\u0111ivanja autonomnog nervnog sistema<\/h4>\n<h4>&#8211; Normalizacije krvnog pritiska<\/h4>\n<h4>&#8211; Pove\u0107avanja elektri\u010dnog otpora ko\u017ee<\/h4>\n<h4>&#8211; Normalizacije spavanja<\/h4>\n<h4>&#8211; Normalizacije varenja<\/h4>\n<h4>&#8211; Pove\u0107avanjea nivoa kognitivnog funkcionisanja<\/h4>\n<h4>&#8211; Pobolj\u0161anja pa\u017enje<\/h4>\n<h4>&#8211; Pobolj\u0161anja zadovoljstva \u017eivota<\/h4>\n<h4>&#8211; Smanjenja anksioznosti<\/h4>\n<h4>&#8211; Eliminacije drugih funkcionalnih psihosomatskih poreme\u0107aja<\/h4>\n<h4>Obuka se realizuje kroz dva susreta u pojedina\u010dnom trajanju od 3 sata.<\/h4>\n<h4>Tokom prvog susreta upozna\u0107ete se sa teorijskom osnovom Atos metode.<\/h4>\n<h4>\u00d8 Za\u0161to je bitno primenjivati ATOS ve\u017ebe kao psihoterapijsku tehniku za uspostavljanje ravnote\u017ee;<\/h4>\n<h4>\u00d8 Koje su prednosti ATOS metode u odnosu na ostale tehnike;<\/h4>\n<h4>\u00d8 Prakti\u010dna obuka i izvo\u0111enje 3 ve\u017ebe ATOS metode.<\/h4>\n<h4>Tokom drugog susreta organizujemo<\/h4>\n<h4>\u00d8 Prakti\u010dnu obuku i izvo\u0111enje preostale 3 ve\u017ebe ATOS metode<\/h4>\n<h4>(ukupno 6 ve\u017ebi);<\/h4>\n<h4>\u00d8 Upoznavanje sa tehnikama RE&amp;CBT psihoterapijskog pravca za ubla\u017eavanje posledica stresa;<\/h4>\n<h4>\u00d8 Promenama na\u010dina razmi\u0161ljanja u situacijama koje vas uznemiravaju \u0161to doprinosi efikasnijem re\u0161avanju svakodnevnih problema.<\/h4>\n<h4>IMATE PRILIKU DA RADITE NA LI\u010cNOM RAZVOJU, ISKORISTITE JE SADA!<\/h4>\n<h4><\/h4>\n<h4>Tako\u0111e organizujemo obuku za samostalnu primenu ATOS metode kroz \u0161est radionica u trajanju od 90 minuta . Svaka radionica \u0107e biti posve\u0107ena uve\u017ebavanju pojedina\u010dne ve\u017ebe.<\/h4>\n<p>VE\u017dBAJTE 6 NEDELJA SA NAMA![\/vc_column_text][\/vc_column][\/vc_row][vc_row][vc_column][vc_single_image image=&#8221;1714&#8243; img_size=&#8221;full&#8221; alignment=&#8221;center&#8221;][vc_column_text]<\/p>\n<div style=\"width: 1170px;\" class=\"wp-video\"><!--[if lt IE 9]><script>document.createElement('video');<\/script><![endif]-->\n<video class=\"wp-video-shortcode\" id=\"video-1706-1\" width=\"1170\" height=\"658\" autoplay=\"1\" preload=\"metadata\" controls=\"controls\"><source type=\"video\/mp4\" src=\"http:\/\/www.berc.rs\/wp-content\/uploads\/2022\/10\/AM-REKLAMA.mp4?_=1\" \/><a href=\"http:\/\/www.berc.rs\/wp-content\/uploads\/2022\/10\/AM-REKLAMA.mp4\">http:\/\/www.berc.rs\/wp-content\/uploads\/2022\/10\/AM-REKLAMA.mp4<\/a><\/video><\/div>\n<h3 style=\"text-align: left;\">Kontaktirajte nas<\/h3>\n<p>[\/vc_column_text][\/vc_column][\/vc_row][vc_row][vc_column]\n<div class=\"wpcf7 no-js\" id=\"wpcf7-f790-o1\" lang=\"en-US\" dir=\"ltr\">\n<div class=\"screen-reader-response\"><p role=\"status\" aria-live=\"polite\" aria-atomic=\"true\"><\/p> <ul><\/ul><\/div>\n<form action=\"\/index.php?rest_route=%2Fwp%2Fv2%2Fpages%2F1706#wpcf7-f790-o1\" method=\"post\" class=\"wpcf7-form init\" aria-label=\"Contact form\" novalidate=\"novalidate\" data-status=\"init\">\n<div style=\"display: none;\">\n<input type=\"hidden\" name=\"_wpcf7\" value=\"790\" \/>\n<input type=\"hidden\" name=\"_wpcf7_version\" value=\"5.9.8\" \/>\n<input type=\"hidden\" name=\"_wpcf7_locale\" value=\"en_US\" \/>\n<input type=\"hidden\" name=\"_wpcf7_unit_tag\" value=\"wpcf7-f790-o1\" \/>\n<input type=\"hidden\" name=\"_wpcf7_container_post\" value=\"0\" \/>\n<input type=\"hidden\" name=\"_wpcf7_posted_data_hash\" value=\"\" \/>\n<\/div>\n<p><label> Ime i prezime *<br \/>\n<span class=\"wpcf7-form-control-wrap\" data-name=\"your-name\"><input size=\"40\" maxlength=\"400\" class=\"wpcf7-form-control wpcf7-text wpcf7-validates-as-required\" aria-required=\"true\" aria-invalid=\"false\" value=\"\" type=\"text\" name=\"your-name\" \/><\/span> <\/label>\n<\/p>\n<p><label> Email *<br \/>\n<span class=\"wpcf7-form-control-wrap\" data-name=\"your-email\"><input size=\"40\" maxlength=\"400\" class=\"wpcf7-form-control wpcf7-email wpcf7-validates-as-required wpcf7-text wpcf7-validates-as-email\" aria-required=\"true\" aria-invalid=\"false\" value=\"\" type=\"email\" name=\"your-email\" \/><\/span> <\/label>\n<\/p>\n<p><label> telefon<br \/>\n<span class=\"wpcf7-form-control-wrap\" data-name=\"your-subject\"><input size=\"40\" maxlength=\"400\" class=\"wpcf7-form-control wpcf7-text\" aria-invalid=\"false\" value=\"\" type=\"text\" name=\"your-subject\" \/><\/span> <\/label>\n<\/p>\n<p><label> Va\u0161a poruka<br \/>\n<span class=\"wpcf7-form-control-wrap\" data-name=\"your-message\"><textarea cols=\"40\" rows=\"10\" maxlength=\"2000\" class=\"wpcf7-form-control wpcf7-textarea\" aria-invalid=\"false\" name=\"your-message\"><\/textarea><\/span> <\/label>\n<\/p>\n<p><input class=\"wpcf7-form-control wpcf7-submit has-spinner\" type=\"submit\" value=\"Po\u0161alji\" \/>\n<\/p>\n<p><label> *Obavezno polje<\/label>\n<\/p><div class=\"wpcf7-response-output\" aria-hidden=\"true\"><\/div>\n<\/form>\n<\/div>\n[\/vc_column][\/vc_row]<\/p>\n<\/div>","protected":false},"excerpt":{"rendered":"<p>[vc_row][vc_column][vc_column_text] ATOS METOD &nbsp; ATOS metod je nova psihoterapijska tehnika tj. skup od 6 ve\u017ebi koje doprinose aktiviranju uro\u0111ene tendencije ka uspostavlju unutra\u0161nje ravnote\u017ee i na taj na\u010din spre\u010davaju ili elimini\u0161u psihosomatske poreme\u0107aje. &nbsp; Autor je Milenko Vlajkov , internacionalni supervizor za racionalno-emocionalnu i kognitivno bihejvioralnu terapiju (RE&amp;CBT) , direktor edukacija u Srpskom centru za [&hellip;]<\/p>\n","protected":false},"author":1,"featured_media":0,"parent":1020,"menu_order":0,"comment_status":"closed","ping_status":"closed","template":"","meta":{"footnotes":""},"_links":{"self":[{"href":"https:\/\/www.berc.rs\/index.php?rest_route=\/wp\/v2\/pages\/1706"}],"collection":[{"href":"https:\/\/www.berc.rs\/index.php?rest_route=\/wp\/v2\/pages"}],"about":[{"href":"https:\/\/www.berc.rs\/index.php?rest_route=\/wp\/v2\/types\/page"}],"author":[{"embeddable":true,"href":"https:\/\/www.berc.rs\/index.php?rest_route=\/wp\/v2\/users\/1"}],"replies":[{"embeddable":true,"href":"https:\/\/www.berc.rs\/index.php?rest_route=%2Fwp%2Fv2%2Fcomments&post=1706"}],"version-history":[{"count":0,"href":"https:\/\/www.berc.rs\/index.php?rest_route=\/wp\/v2\/pages\/1706\/revisions"}],"up":[{"embeddable":true,"href":"https:\/\/www.berc.rs\/index.php?rest_route=\/wp\/v2\/pages\/1020"}],"wp:attachment":[{"href":"https:\/\/www.berc.rs\/index.php?rest_route=%2Fwp%2Fv2%2Fmedia&parent=1706"}],"curies":[{"name":"wp","href":"https:\/\/api.w.org\/{rel}","templated":true}]}}