{"id":19,"date":"2013-06-12T19:45:16","date_gmt":"2013-06-12T17:45:16","guid":{"rendered":"http:\/\/www.berc.rs\/?page_id=19"},"modified":"2021-02-09T00:21:49","modified_gmt":"2021-02-08T23:21:49","slug":"kontakt","status":"publish","type":"page","link":"https:\/\/www.berc.rs\/?page_id=19","title":{"rendered":"Kontakt"},"content":{"rendered":"<div class=\"wpb-content-wrapper\"><p>[vc_row][vc_column][vc_column_text]<\/p>\r\n<h1 style=\"text-align: center;\"><strong>www.berc.rs<br \/><\/strong><\/h1>\r\n<h1 style=\"text-align: center;\"><a href=\"mailto:bgrazvojnicentar@gmail.com\">bgrazvojnicentar@gmail.com<\/a>\u00a0 ;<a href=\"tel: +381645767442\"> 064 576 7442<\/a><\/h1>\r\n<div style=\"text-align: center;\">\u00a0<\/div>\r\n<p>&nbsp;<\/p>\r\n\r\n<p>[\/vc_column_text][\/vc_column][\/vc_row][vc_row][vc_column][vc_gmaps link=&#8221;#E-8_JTNDaWZyYW1lJTIwc3JjJTNEJTIyaHR0cHMlM0ElMkYlMkZ3d3cuZ29vZ2xlLmNvbSUyRm1hcHMlMkZlbWJlZCUzRnBiJTNEJTIxMW0xOCUyMTFtMTIlMjExbTMlMjExZDIzODIuNjUxNDg0NDgzMjIyNyUyMTJkMjAuNDI2NzI3NzYzODc2MjklMjEzZDQ0Ljc1MDkwODIwNTU1MDI1JTIxMm0zJTIxMWYwJTIxMmYwJTIxM2YwJTIxM20yJTIxMWkxMDI0JTIxMmk3NjglMjE0ZjEzLjElMjEzbTMlMjExbTIlMjExczB4MCUyNTNBMHg1ZmM1YjE1ODQ2MWY3ZjkyJTIxMnNCZW9ncmFkc2tpJTI1MjByYXp2b2puaSUyNTIwY2VudGFyLSUyNTIwQkVSQyUyMTVlMCUyMTNtMiUyMTFzZW4lMjEyc3JzJTIxNHYxNjEyODIxMDU4ODkxJTIxNW0yJTIxMXNlbiUyMTJzcnMlMjIlMjB3aWR0aCUzRCUyMjYwMCUyMiUyMGhlaWdodCUzRCUyMjQ1MCUyMiUyMGZyYW1lYm9yZGVyJTNEJTIyMCUyMiUyMHN0eWxlJTNEJTIyYm9yZGVyJTNBMCUzQiUyMiUyMGFsbG93ZnVsbHNjcmVlbiUzRCUyMiUyMiUyMGFyaWEtaGlkZGVuJTNEJTIyZmFsc2UlMjIlMjB0YWJpbmRleCUzRCUyMjAlMjIlM0UlM0MlMkZpZnJhbWUlM0U=&#8221; css_animation=&#8221;zoomInDown&#8221; title=&#8221;FIlmski grad&#8221;][\/vc_column][\/vc_row]<\/p>\r\n<p>&nbsp;<\/p>\r\n<p>&nbsp;<\/p>\r\n<p style=\"text-align: center;\"><strong>Aleksandra Bukovica<\/strong>,<\/p>\r\n<p style=\"text-align: center;\">diplomirani defektolog-oligofrenolog<\/p>\r\n<p style=\"text-align: center;\"><strong>Maja Ivo\u0161evi\u0107<\/strong>,<\/p>\r\n<p style=\"text-align: center;\">diplomirani defektolog-oligofrenolog<\/p>\r\n<p style=\"text-align: center;\"><strong>Marija Pejkovi\u0107<\/strong>,<\/p>\r\n<p style=\"text-align: center;\">diplomirani defektolog-oligofrenolog<\/p>\r\n<p style=\"text-align: center;\"><strong>Katarina Milo\u0161evi\u0107<\/strong>,<\/p>\r\n<p style=\"text-align: center;\">diplomirani defektolog-oligofrenolog<\/p>\r\n<p style=\"text-align: center;\"><strong>Jovana An\u0111elkovi\u0107<\/strong>,<\/p>\r\n<p style=\"text-align: center;\">diplomirani specijalni pedagog<\/p><\/div>","protected":false},"excerpt":{"rendered":"<p>[vc_row][vc_column][vc_column_text] www.berc.rs bgrazvojnicentar@gmail.com\u00a0 ; 064 576 7442 \u00a0 &nbsp; [\/vc_column_text][\/vc_column][\/vc_row][vc_row][vc_column][vc_gmaps link=&#8221;#E-8_JTNDaWZyYW1lJTIwc3JjJTNEJTIyaHR0cHMlM0ElMkYlMkZ3d3cuZ29vZ2xlLmNvbSUyRm1hcHMlMkZlbWJlZCUzRnBiJTNEJTIxMW0xOCUyMTFtMTIlMjExbTMlMjExZDIzODIuNjUxNDg0NDgzMjIyNyUyMTJkMjAuNDI2NzI3NzYzODc2MjklMjEzZDQ0Ljc1MDkwODIwNTU1MDI1JTIxMm0zJTIxMWYwJTIxMmYwJTIxM2YwJTIxM20yJTIxMWkxMDI0JTIxMmk3NjglMjE0ZjEzLjElMjEzbTMlMjExbTIlMjExczB4MCUyNTNBMHg1ZmM1YjE1ODQ2MWY3ZjkyJTIxMnNCZW9ncmFkc2tpJTI1MjByYXp2b2puaSUyNTIwY2VudGFyLSUyNTIwQkVSQyUyMTVlMCUyMTNtMiUyMTFzZW4lMjEyc3JzJTIxNHYxNjEyODIxMDU4ODkxJTIxNW0yJTIxMXNlbiUyMTJzcnMlMjIlMjB3aWR0aCUzRCUyMjYwMCUyMiUyMGhlaWdodCUzRCUyMjQ1MCUyMiUyMGZyYW1lYm9yZGVyJTNEJTIyMCUyMiUyMHN0eWxlJTNEJTIyYm9yZGVyJTNBMCUzQiUyMiUyMGFsbG93ZnVsbHNjcmVlbiUzRCUyMiUyMiUyMGFyaWEtaGlkZGVuJTNEJTIyZmFsc2UlMjIlMjB0YWJpbmRleCUzRCUyMjAlMjIlM0UlM0MlMkZpZnJhbWUlM0U=&#8221; css_animation=&#8221;zoomInDown&#8221; title=&#8221;FIlmski grad&#8221;][\/vc_column][\/vc_row] &nbsp; &nbsp; Aleksandra Bukovica, diplomirani defektolog-oligofrenolog Maja Ivo\u0161evi\u0107, diplomirani defektolog-oligofrenolog Marija Pejkovi\u0107, diplomirani defektolog-oligofrenolog Katarina Milo\u0161evi\u0107, diplomirani defektolog-oligofrenolog Jovana An\u0111elkovi\u0107, diplomirani specijalni pedagog<\/p>\n","protected":false},"author":1,"featured_media":0,"parent":0,"menu_order":8,"comment_status":"closed","ping_status":"open","template":"","meta":{"footnotes":""},"_links":{"self":[{"href":"https:\/\/www.berc.rs\/index.php?rest_route=\/wp\/v2\/pages\/19"}],"collection":[{"href":"https:\/\/www.berc.rs\/index.php?rest_route=\/wp\/v2\/pages"}],"about":[{"href":"https:\/\/www.berc.rs\/index.php?rest_route=\/wp\/v2\/types\/page"}],"author":[{"embeddable":true,"href":"https:\/\/www.berc.rs\/index.php?rest_route=\/wp\/v2\/users\/1"}],"replies":[{"embeddable":true,"href":"https:\/\/www.berc.rs\/index.php?rest_route=%2Fwp%2Fv2%2Fcomments&post=19"}],"version-history":[{"count":0,"href":"https:\/\/www.berc.rs\/index.php?rest_route=\/wp\/v2\/pages\/19\/revisions"}],"wp:attachment":[{"href":"https:\/\/www.berc.rs\/index.php?rest_route=%2Fwp%2Fv2%2Fmedia&parent=19"}],"curies":[{"name":"wp","href":"https:\/\/api.w.org\/{rel}","templated":true}]}}