{"id":2,"date":"2013-06-12T06:51:42","date_gmt":"2013-06-12T06:51:42","guid":{"rendered":"http:\/\/www.berc.rs\/?page_id=2"},"modified":"2021-09-03T23:10:33","modified_gmt":"2021-09-03T21:10:33","slug":"primer-strane","status":"publish","type":"page","link":"https:\/\/www.berc.rs\/?page_id=2","title":{"rendered":"Individualni rad"},"content":{"rendered":"<div class=\"wpb-content-wrapper\"><p>[vc_row][vc_column][vc_column_text]<\/p>\n<p align=\"center\"><b>1.&nbsp;&nbsp;&nbsp;&nbsp;&nbsp; Rana stimulacija razvoja <\/b><\/p>\n<p>Program rada rane stimulacije razvoja&nbsp; je namenjen&nbsp; deci uzrasta od 3. godine i polazi od va\u017enosti ranog razvoja i njegovog uticaja na sve&nbsp; razvojne sposobnosti.<\/p>\n<p>Razvoj dece, tj. razvoj odre\u0111enih funkcija i pona\u0161anja, odvija se istim, nepromenljivim redosledom. Skladan psihofizi\u010dki razvoj podrazumeva vremenske odrednice u okviru kojih bi dete trebalo da ovlada odre\u0111enim aktivnostima. Veliki broj istra\u017eivanja potvr\u0111uje va\u017enost prvih godina \u017eivota, jer je sazrevanje mozga najja\u010de u ranom detinjstvu. Intelektualni razvoj deteta zavisi od broja sinapsi.&nbsp; U&nbsp; toku prvih 5 godina \u017eivota se&nbsp; stvori&nbsp; 50% ukupnog broja&nbsp; sinapsi , do 7.&nbsp; godine 75% , a do 12.&nbsp; godine &nbsp; 95% . Zato&nbsp; je bitno i potrebno da u tom razdoblju stimulusi&nbsp; sredine budu povoljni. Stimulacija doprinosi razvoju velikog broja neuronskih&nbsp; puteva \u0161to je presudno za kasnije dostizanje uro\u0111enih potencijala. Nedostatak adekvatne stimulacije mo\u017ee dovesti do umanjenja biolo\u0161kih osnova za razvoj&nbsp; sposobnosti koje&nbsp; se ne\u0107e razviti u punom obimu.&nbsp; Ako se tokom prvih godina \u017eivota postave dobre osnove i stimuli\u0161e razvoj, kasnije u\u010denje\u0107e \u0107e biti&nbsp; efikasnije . Na osnovu iskustva u radu sa decom , kori\u0161\u0107enja&nbsp; razli\u010ditih&nbsp; metoda rada, znanja&nbsp; zakonitosti razvoja, napravili smo program ve\u017ebi koje podsti\u010du rani razvoj dece. Pri osmi\u0161ljavanju&nbsp; ve\u017ebi imalo se u vidu&nbsp; da je&nbsp; razvoj motorike u neposrednoj vezi sa razvojem CNS i kongnitivnih sposobnosti. Tako\u0111e je uzeto u obzir da razvoj grafomotorike po\u010dinje ve\u0107 od 18.&nbsp; meseca \u017eivota,&nbsp; simbolizacije u 3. godini i da je stimulaciju&nbsp; po\u017eeljno&nbsp; vr\u0161iti od samog&nbsp; po\u010detka razvoja tih sposobnosti.<\/p>\n<p>Program rada&nbsp; usmeren je na razvoj :<\/p>\n<p>-krupne i fine motorike,<\/p>\n<p>-ravnote\u017ee,<\/p>\n<p>-koordinacije,<\/p>\n<p>-pa\u017enje,<\/p>\n<p>-percepcije ,<\/p>\n<p>-ritma,<\/p>\n<p>-govora,<\/p>\n<p>-mi\u0161ljenja.<\/p>\n<p>Ove&nbsp; sposobnosti predstavljaju osnovu&nbsp; za kasnije u\u010denje, \u010ditanje, pisanje, matemati\u010dke&nbsp; operacije, komunikaciju&#8230;<\/p>\n<p>Program podsti\u010de razvoj dece, kroz ciljane aktivnosti, na jednostavan na\u010din i kroz igru. Program uti\u010de na usvajanje novih, funkcionalnih znanja i ve\u0161tina. &nbsp;&nbsp;Baziran je na NTC sistemu u\u010denja. U radu se koriste i metode koje su u skladu sa principima:<\/p>\n<p>-reedukacije&nbsp; psihomotorike,<\/p>\n<p>-Montesori pedagogije,<\/p>\n<p>&#8211; Valdorf pedagogije.<\/p>\n<p><b>&nbsp;<\/b><\/p>\n<p><b>2. Pomo\u0107 i podr\u0161ka deci u savladavanju pred\u0161kolskog i \u0161kolskog plana i programa<\/b><\/p>\n<p>Namenjena je deci:<\/p>\n<p>&#8211; \u010diji roditelji nemaju dovoljno vremena da se posvete pripremi deteta za polazak u \u0161kolu ili pomaganju&nbsp; u u\u010denju i&nbsp; izradi doma\u0107ih zadataka,<\/p>\n<p>-deci koja kasne u pra\u0107enju pred\u0161kolskog i&nbsp; \u0161kolskog programa iz razli\u010ditih razloga (ne poha\u0111aju pred\u0161kolsku ustanovu, imaju razvojne smetnje, potrebno im je vi\u0161e vremena ili primena drugih metoda u radu).<\/p>\n<p><b>&nbsp;<\/b><\/p>\n<p><b>3. Pomo\u0107, podr\u0161ka deci sa razvojnim poreme\u0107ajima i tretman tih poreme\u0107aja<\/b><\/p>\n<p>Namenjena je deci:<\/p>\n<p>&#8211; sa smetnjama u govoru ( nedovoljno razvijen govor, lo\u0161a artikulacija glasova, mucanje\u2026),<\/p>\n<p>&#8211; sa te\u0161ko\u0107ama u savladavanju po\u010detnog \u010ditanja, pisanja, ra\u010dunanja,<\/p>\n<p>-sa poreme\u0107ajima pa\u017enje,<\/p>\n<p>-nespretnoj deci (ne umeju da ve\u017eu pertle, nisu samostalni u obla\u010denju i svla\u010denju\u2026)<\/p>\n<p><b>&nbsp;<\/b><\/p>\n<p><b>4. Podsticanje pravilnog&nbsp; socijalnog razvoja dece<\/b><\/p>\n<p>Podrazumeva&nbsp; formiranje i u\u010dvr\u0161\u0107ivanje prosocijalnih stavova i&nbsp; oblika pona\u0161anja u cilju razvijanja socijalozovane, zrele i dobro integrisane li\u010dnosti.<\/p>\n<p>Program&nbsp; namenjen deci uzrasta od 3. do 7. godine, doprinosi razvoju pozitivnih stavova, interakcije sa vr\u0161njacima, partnerskih odnosa, razumevanju tu\u0111ih potreba i stavova,&nbsp; prilago\u0111avanju drugima, usvajanju pravila dru\u0161tvenog pona\u0161anja, a sve u cilju razvoja de\u010dije socijabilnosti. Navedene ve\u0161tine i pona\u0161anja deca uvajaju kroz organizovane i zabavne aktivnosti.<\/p>\n<p>Program namenjen deci \u0161kolskog uzrasta, bavi se informisanjem i edukacijom dece o rizicima i \u0161tetnim posledicama prestupni\u010dkog pona\u0161anja, promovi\u0161e zdrave stilove \u017eivota, usmerava mlade ka zdravim i kreativnim izborima, razvija ve\u0161tine komuniciranja,&nbsp; doprinosi razvijanju pozitivnih stavova, socijalnih i \u017eivotnih ve\u0161tina. Program se realizuje kroz razli\u010dite oblike rada i posredno deluje na spre\u010davanje ispoljavanja onih oblika pona\u0161anja koja su nepo\u017eeljna i destruktivna.<\/p>\n<p><b>5. Rana detekcija, dijagnostika i tretman neprihvatljivog pona\u0161anja kod dece i omladine <\/b><\/p>\n<p><b>a)<\/b> Rano otkrivanje poreme\u0107aja u pona\u0161anju pove\u0107ava uspe\u0161nost intervencije. Primenom dijagnosti\u010dkih procedura&nbsp; otkrivaju se &nbsp;faktori koji upu\u0107uju na rizik ili &nbsp;razli\u010dita odstupanja na svim podru\u010dijima funkcionisanja dece i mladih &nbsp;uklju\u010duju\u0107i: odnos sa porodicom, vr\u0161njacima, autoritetima; problemi u ishrani, spavanju i nevoljne radnje, povu\u010denost, laganje, kra\u0111e, agresivnost, nasilje, neopravdano izostajanje sa nastave, lo\u0161 \u0161kolski uspeh, be\u017eanje od ku\u0107e i skitni\u010denje, kori\u0161\u0107enje PAS-a..<\/p>\n<p>Neprepoznavanje i neadekvatno reagovanje na pojavu poreme\u0107aja u pona\u0161anju, \u010desto uzrokuje&nbsp; te\u017ee probleme, pri \u010demu pona\u0161anje postaje ozbiljno naru\u0161eno, a prognoza pozitivnih promena je u tom slu\u010daju slabija.<\/p>\n<p><b>b) <\/b>Tretman poreme\u0107aja u pona\u0161anju predstavlja organizovanu plansku i sistemsku aktivnost usmerenu ka neutralizaciji i otklanjanju problema i omogu\u0107avanju, podsticanju i podr\u017eavanju optimalnog razvoja li\u010dnosti. Obuhvata niz vaspino- korektivnih aktivnosti, a programske intervencije su podeljene prema oblastima delovanja \u2013 deca i mladi, &nbsp;porodica, \u0161kola.<\/p>\n<p><b>6. Program rada psihologa <\/b><\/p>\n<p>Razvijanje emocionalnih ve\u0161tina (samosvesti, upravljanje emocijama, samomotivacija, prepoznavanje emocija kod drugih, ume\u0107e odr\u017eavanja me\u0111uljudskih odnosa) radi kvalitetnijeg \u017eivota i postizanja uspeha u \u0161kolovanju i profesiji.<\/p>\n<p>Psihodijagnostika i psiholo\u0161ko savetovanje primenom razli\u010ditih pristupa.<\/p>\n<p>Testiranje spremnosti deteta za polazak u \u0161kolu.<\/p>\n<p>Psiholo\u0161ka i neurolo\u0161ka dijagnostika uzroka te\u0161ko\u0107a u u\u010denju i razvojnih smetnji.<\/p>\n<p>Sprovo\u0111enje&nbsp; terapijskih postupaka za korigovanje te\u0161ko\u0107a i smetnji, pra\u0107enje efekata njihove primene.<\/p>\n<p>Savetodavni rad sa roditeljima.<\/p>\n<p>Profesionalna orijentacija (testiranje kognitivnih sposobnosti, osobina li\u010dnosti, interesovanja) i savetovanje za izbor \u0161kole i zanimanja.<\/p>\n<p>&nbsp;<\/p>\n<p>&nbsp;<\/p>\n<p>&nbsp;[\/vc_column_text]\n<div class=\"wpcf7 no-js\" id=\"wpcf7-f790-o1\" lang=\"en-US\" dir=\"ltr\">\n<div class=\"screen-reader-response\"><p role=\"status\" aria-live=\"polite\" aria-atomic=\"true\"><\/p> <ul><\/ul><\/div>\n<form action=\"\/index.php?rest_route=%2Fwp%2Fv2%2Fpages%2F2#wpcf7-f790-o1\" method=\"post\" class=\"wpcf7-form init\" aria-label=\"Contact form\" novalidate=\"novalidate\" data-status=\"init\">\n<div style=\"display: none;\">\n<input type=\"hidden\" name=\"_wpcf7\" value=\"790\" \/>\n<input type=\"hidden\" name=\"_wpcf7_version\" value=\"5.9.8\" \/>\n<input type=\"hidden\" name=\"_wpcf7_locale\" value=\"en_US\" \/>\n<input type=\"hidden\" name=\"_wpcf7_unit_tag\" value=\"wpcf7-f790-o1\" \/>\n<input type=\"hidden\" name=\"_wpcf7_container_post\" value=\"0\" \/>\n<input type=\"hidden\" name=\"_wpcf7_posted_data_hash\" value=\"\" \/>\n<\/div>\n<p><label> Ime i prezime *<br \/>\n<span class=\"wpcf7-form-control-wrap\" data-name=\"your-name\"><input size=\"40\" maxlength=\"400\" class=\"wpcf7-form-control wpcf7-text wpcf7-validates-as-required\" aria-required=\"true\" aria-invalid=\"false\" value=\"\" type=\"text\" name=\"your-name\" \/><\/span> <\/label>\n<\/p>\n<p><label> Email *<br \/>\n<span class=\"wpcf7-form-control-wrap\" data-name=\"your-email\"><input size=\"40\" maxlength=\"400\" class=\"wpcf7-form-control wpcf7-email wpcf7-validates-as-required wpcf7-text wpcf7-validates-as-email\" aria-required=\"true\" aria-invalid=\"false\" value=\"\" type=\"email\" name=\"your-email\" \/><\/span> <\/label>\n<\/p>\n<p><label> telefon<br \/>\n<span class=\"wpcf7-form-control-wrap\" data-name=\"your-subject\"><input size=\"40\" maxlength=\"400\" class=\"wpcf7-form-control wpcf7-text\" aria-invalid=\"false\" value=\"\" type=\"text\" name=\"your-subject\" \/><\/span> <\/label>\n<\/p>\n<p><label> Va\u0161a poruka<br \/>\n<span class=\"wpcf7-form-control-wrap\" data-name=\"your-message\"><textarea cols=\"40\" rows=\"10\" maxlength=\"2000\" class=\"wpcf7-form-control wpcf7-textarea\" aria-invalid=\"false\" name=\"your-message\"><\/textarea><\/span> <\/label>\n<\/p>\n<p><input class=\"wpcf7-form-control wpcf7-submit has-spinner\" type=\"submit\" value=\"Po\u0161alji\" \/>\n<\/p>\n<p><label> *Obavezno polje<\/label>\n<\/p><div class=\"wpcf7-response-output\" aria-hidden=\"true\"><\/div>\n<\/form>\n<\/div>\n[\/vc_column][\/vc_row]<\/p>\n<\/div>","protected":false},"excerpt":{"rendered":"<p>[vc_row][vc_column][vc_column_text] 1.&nbsp;&nbsp;&nbsp;&nbsp;&nbsp; Rana stimulacija razvoja Program rada rane stimulacije razvoja&nbsp; je namenjen&nbsp; deci uzrasta od 3. godine i polazi od va\u017enosti ranog razvoja i njegovog uticaja na sve&nbsp; razvojne sposobnosti. Razvoj dece, tj. razvoj odre\u0111enih funkcija i pona\u0161anja, odvija se istim, nepromenljivim redosledom. Skladan psihofizi\u010dki razvoj podrazumeva vremenske odrednice u okviru kojih bi dete trebalo [&hellip;]<\/p>\n","protected":false},"author":1,"featured_media":0,"parent":0,"menu_order":1,"comment_status":"closed","ping_status":"closed","template":"","meta":{"footnotes":""},"_links":{"self":[{"href":"https:\/\/www.berc.rs\/index.php?rest_route=\/wp\/v2\/pages\/2"}],"collection":[{"href":"https:\/\/www.berc.rs\/index.php?rest_route=\/wp\/v2\/pages"}],"about":[{"href":"https:\/\/www.berc.rs\/index.php?rest_route=\/wp\/v2\/types\/page"}],"author":[{"embeddable":true,"href":"https:\/\/www.berc.rs\/index.php?rest_route=\/wp\/v2\/users\/1"}],"replies":[{"embeddable":true,"href":"https:\/\/www.berc.rs\/index.php?rest_route=%2Fwp%2Fv2%2Fcomments&post=2"}],"version-history":[{"count":0,"href":"https:\/\/www.berc.rs\/index.php?rest_route=\/wp\/v2\/pages\/2\/revisions"}],"wp:attachment":[{"href":"https:\/\/www.berc.rs\/index.php?rest_route=%2Fwp%2Fv2%2Fmedia&parent=2"}],"curies":[{"name":"wp","href":"https:\/\/api.w.org\/{rel}","templated":true}]}}