{"id":410,"date":"2017-09-08T21:17:39","date_gmt":"2017-09-08T19:17:39","guid":{"rendered":"http:\/\/www.berc.rs\/?page_id=410"},"modified":"2020-09-10T17:57:56","modified_gmt":"2020-09-10T15:57:56","slug":"ntc","status":"publish","type":"page","link":"https:\/\/www.berc.rs\/?page_id=410","title":{"rendered":"NTC"},"content":{"rendered":"<div class=\"\" dir=\"auto\">\n<div id=\"jsc_c_6b\" class=\"ecm0bbzt hv4rvrfc ihqw7lf3 dati1w0a\" data-ad-comet-preview=\"message\" data-ad-preview=\"message\">\n<div class=\"j83agx80 cbu4d94t ew0dbk1b irj2b8pg\">\n<div class=\"qzhwtbm6 knvmm38d\">\n<div class=\"kvgmc6g5 cxmmr5t8 oygrvhab hcukyx3x c1et5uql ii04i59q\">\n<div dir=\"auto\"><a href=\"http:\/\/www.berc.rs\/wp-content\/uploads\/2020\/09\/upisntc.png\"><img loading=\"lazy\" decoding=\"async\" class=\"alignleft size-full wp-image-815\" src=\"http:\/\/www.berc.rs\/wp-content\/uploads\/2020\/09\/upisntc.png\" alt=\"\" width=\"717\" height=\"456\" srcset=\"https:\/\/www.berc.rs\/wp-content\/uploads\/2020\/09\/upisntc.png 717w, https:\/\/www.berc.rs\/wp-content\/uploads\/2020\/09\/upisntc-300x191.png 300w\" sizes=\"(max-width: 717px) 100vw, 717px\" \/><\/a><\/div>\n<div dir=\"auto\">Draga deco,<\/div>\n<\/div>\n<div class=\"o9v6fnle cxmmr5t8 oygrvhab hcukyx3x c1et5uql ii04i59q\">\n<div dir=\"auto\">Pridru\u017eite nam se na NTC radionicama <span class=\"q9uorilb tbxw36s4 knj5qynh kvgmc6g5 ditlmg2l oygrvhab nvdbi5me fgm26odu gl3lb2sf hhz5lgdu\"><img loading=\"lazy\" decoding=\"async\" src=\"https:\/\/static.xx.fbcdn.net\/images\/emoji.php\/v9\/t4c\/1\/16\/1f642.png\" alt=\"&#x1f642;\" width=\"16\" height=\"16\" \/><\/span><span class=\"q9uorilb tbxw36s4 knj5qynh kvgmc6g5 ditlmg2l oygrvhab nvdbi5me fgm26odu gl3lb2sf hhz5lgdu\"><img loading=\"lazy\" decoding=\"async\" src=\"https:\/\/static.xx.fbcdn.net\/images\/emoji.php\/v9\/tcd\/1\/16\/1f643.png\" alt=\"&#x1f643;\" width=\"16\" height=\"16\" \/><\/span><\/div>\n<\/div>\n<div class=\"o9v6fnle cxmmr5t8 oygrvhab hcukyx3x c1et5uql ii04i59q\">\n<div dir=\"auto\">-Do\u0111ite da u\u010dimo kroz igru, razvijamo kreativnost, ja\u010damo samopouzdanje<\/div>\n<\/div>\n<div class=\"o9v6fnle cxmmr5t8 oygrvhab hcukyx3x c1et5uql ii04i59q\">\n<div dir=\"auto\">-Savladajte NTC tehnike u\u010denja i pam\u0107enja pomo\u0107u kojih \u0107ete u\u010denje i \u0161kolu iz godine u godinu voleti sve vi\u0161e<\/div>\n<\/div>\n<div class=\"o9v6fnle cxmmr5t8 oygrvhab hcukyx3x c1et5uql ii04i59q\">\n<div dir=\"auto\">&#8211; Nau\u010dite da povezujete informacije, izdvajate bitno, u\u017eivate u razmi\u0161ljanju, dajete ideje i odgovore koji su uvek pravi jer predstavljaju put dolaska do kona\u010dnog re\u0161enja<\/div>\n<\/div>\n<div class=\"o9v6fnle cxmmr5t8 oygrvhab hcukyx3x c1et5uql ii04i59q\">\n<div dir=\"auto\">LOKACIJE:<\/div>\n<div dir=\"auto\">* Beogradski razvojni centar &#8211; BERC , Ilije Stojadinovi\u0107a 16, Filmski<\/div>\n<div dir=\"auto\">grad<\/div>\n<div dir=\"auto\">* O\u0160 \u201eKralj Aleksandar I\u201c , Aleksina\u010dkih rudara 22, Novi Beograd<\/div>\n<div dir=\"auto\">* Vrti\u0107 \u201eGuliver\u201c , Osije\u010dka 31 , Banovo brdo<\/div>\n<div dir=\"auto\">* Vrtic \u201e\u0160umska Bajka\u201c, Miljakovacki vinogradi 17, Rakovica<\/div>\n<\/div>\n<div class=\"o9v6fnle cxmmr5t8 oygrvhab hcukyx3x c1et5uql ii04i59q\">\n<div dir=\"auto\">Prijave i informacije :<\/div>\n<div dir=\"auto\">064\/ 57 67 442 ; bgrazvojnicentar@gmail.com<\/div>\n<\/div>\n<\/div>\n<\/div>\n<\/div>\n<\/div>\n<table>\n<tbody>\n<tr>\n<th scope=\"col\"><a href=\"http:\/\/www.berc.rs\/wp-content\/uploads\/2018\/02\/Ranko-Rajovi\u0107.jpg\"><img loading=\"lazy\" decoding=\"async\" class=\"alignleft size-thumbnail wp-image-569\" src=\"http:\/\/www.berc.rs\/wp-content\/uploads\/2018\/02\/Ranko-Rajovi\u0107-150x150.jpg\" alt=\"\" width=\"150\" height=\"150\" \/><\/a><\/th>\n<th scope=\"col\">NTC sistem u\u010denja je program autora dr Ranka Rajovi\u0107a, \u010dlana Komiteta svetske Mense za darovitu decu, saradnika UNICEF-a za rano obrazovanje<\/th>\n<th scope=\"col\"><a href=\"http:\/\/www.berc.rs\/wp-content\/uploads\/2018\/02\/Uro\u0161-Petrovi\u0107.jpg\"><img loading=\"lazy\" decoding=\"async\" class=\"size-thumbnail wp-image-570 alignleft\" src=\"http:\/\/www.berc.rs\/wp-content\/uploads\/2018\/02\/Uro\u0161-Petrovi\u0107-150x150.jpg\" alt=\"\" width=\"150\" height=\"150\" \/><\/a><\/th>\n<th scope=\"col\">i koautora Uro\u0161a Petrovi\u0107a, pisca za decu i dobitnika Zlatne zna\u010dke Kulturno- prosvetne zajednice Srbije za doprinos kulturi.<\/th>\n<\/tr>\n<\/tbody>\n<\/table>\n<p><span class=\"m_-7379574046673782555m_7290501401534215807gmail-textexposedshow\">NTC program uti\u010de na:<br \/>\n<\/span>&#8211; razvoj intelektualnih sposobnosti<br \/>\n<span class=\"m_-7379574046673782555m_7290501401534215807gmail-textexposedshow\">&#8211; razvoj pa\u017enje, pam\u0107enja, mi\u0161ljenja&#8230;<br \/>\n&#8211; <\/span><span class=\"m_-7379574046673782555m_7290501401534215807gmail-textexposedshow\">razvija brzinu razmi\u0161ljanja, povezivanja i zaklju\u010divanja (funkcionalno znanje)<\/span><\/p>\n<p>Radionice su osmi\u0161ljene tako da deca na zanimljiv na\u010din, kroz igru ovladavaju razli\u010ditim tehnikama u\u010denja i pam\u0107enja, razvijaju krupnu i finu motoriku, akomodaciju oka &#8230; Deca se podsti\u010du da nastavno gradivo usvajaju putem slikovnog prikaza, da koriste asocijacije, povezuju informacije i nau\u010deno tj. da razvijaju funkcionalno znanje.<\/p>\n<p>NTC program se sprovodi u 18 dr\u017eava Evrope i dao je odli\u010dne rezultate.<\/p>\n<p>U\u010desnici programa \u0107e primenom NTC sistema u\u010denja razviti brzinu razmi\u0161ljanja, povezivanja i zaklju\u010divanja (funkcionalno znanje), ovladati tehnikama u\u010denja i pam\u0107enja koje \u0107e im pomo\u0107i u savladavanju \u0161kolskog gradiva. Primena programa \u0107e spre\u010diti poreme\u0107aje pa\u017enje i koncentracije, razvijati kreativno mi\u0161ljenje, pobuditi radoznalost dece.<\/p>\n<p><strong>\u00a0<\/strong><\/p>\n","protected":false},"excerpt":{"rendered":"<p>Draga deco, Pridru\u017eite nam se na NTC radionicama -Do\u0111ite da u\u010dimo kroz igru, razvijamo kreativnost, ja\u010damo samopouzdanje -Savladajte NTC tehnike u\u010denja i pam\u0107enja pomo\u0107u kojih \u0107ete u\u010denje i \u0161kolu iz godine u godinu voleti sve vi\u0161e &#8211; Nau\u010dite da povezujete informacije, izdvajate bitno, u\u017eivate u razmi\u0161ljanju, dajete ideje i odgovore koji su uvek pravi jer [&hellip;]<\/p>\n","protected":false},"author":1,"featured_media":0,"parent":0,"menu_order":0,"comment_status":"closed","ping_status":"open","template":"","meta":{"footnotes":""},"_links":{"self":[{"href":"https:\/\/www.berc.rs\/index.php?rest_route=\/wp\/v2\/pages\/410"}],"collection":[{"href":"https:\/\/www.berc.rs\/index.php?rest_route=\/wp\/v2\/pages"}],"about":[{"href":"https:\/\/www.berc.rs\/index.php?rest_route=\/wp\/v2\/types\/page"}],"author":[{"embeddable":true,"href":"https:\/\/www.berc.rs\/index.php?rest_route=\/wp\/v2\/users\/1"}],"replies":[{"embeddable":true,"href":"https:\/\/www.berc.rs\/index.php?rest_route=%2Fwp%2Fv2%2Fcomments&post=410"}],"version-history":[{"count":0,"href":"https:\/\/www.berc.rs\/index.php?rest_route=\/wp\/v2\/pages\/410\/revisions"}],"wp:attachment":[{"href":"https:\/\/www.berc.rs\/index.php?rest_route=%2Fwp%2Fv2%2Fmedia&parent=410"}],"curies":[{"name":"wp","href":"https:\/\/api.w.org\/{rel}","templated":true}]}}