{"id":418,"date":"2017-09-10T14:26:19","date_gmt":"2017-09-10T12:26:19","guid":{"rendered":"http:\/\/www.berc.rs\/?page_id=418"},"modified":"2025-09-11T00:20:46","modified_gmt":"2025-09-10T22:20:46","slug":"lokacije-radionica","status":"publish","type":"page","link":"https:\/\/www.berc.rs\/?page_id=418","title":{"rendered":"Lokacije i termini"},"content":{"rendered":"<div class=\"wpb-content-wrapper\"><p>[vc_row][vc_column][vc_column_text css=&#8221;&#8221;]<\/p>\n<table width=\"492\">\n<tbody>\n<tr>\n<td width=\"105\">Uzrasna grupa:<\/td>\n<td width=\"189\">Termin:<\/td>\n<td width=\"198\">Lokacija:<\/td>\n<\/tr>\n<tr>\n<td width=\"105\">Mini 4<\/p>\n<p>&nbsp;<\/td>\n<td width=\"189\">Utorak 17:00\u2013 18:00<\/td>\n<td width=\"198\">BERC, Ilije Stojadinovi\u0107a 16, Filmski grad<\/td>\n<\/tr>\n<tr>\n<td width=\"105\">Mini 4<\/p>\n<p>&nbsp;<\/td>\n<td width=\"189\">Subota 11:15 \u2013 12:15<\/td>\n<td width=\"198\">EC Mu\u0107kalica, Zrmanjska 4, Banovo brdo<\/td>\n<\/tr>\n<tr>\n<td width=\"105\">Bela<\/p>\n<p>&nbsp;<\/td>\n<td width=\"189\">Ponedeljak 16:30 \u2013 17:30<\/td>\n<td width=\"198\">BERC, Ilije Stojadinovi\u0107a 16, Filmski grad<\/td>\n<\/tr>\n<tr>\n<td width=\"105\">Bela<\/p>\n<p>&nbsp;<\/td>\n<td width=\"189\">Utorak 18:15 \u2013 19:15<\/td>\n<td width=\"198\">BERC, Ilije Stojadinovi\u0107a 16, Filmski grad<\/td>\n<\/tr>\n<tr>\n<td width=\"105\">Bela<\/p>\n<p>&nbsp;<\/td>\n<td width=\"189\">Subota 9:00 \u2013 10:00<\/td>\n<td width=\"198\">BERC, Ilije Stojadinovi\u0107a 16, Filmski grad<\/td>\n<\/tr>\n<tr>\n<td width=\"105\">Bela<\/p>\n<p>&nbsp;<\/td>\n<td width=\"189\">Subota 10:00 \u2013 11:00<\/td>\n<td width=\"198\">EC Mu\u0107kalica, Zrmanjska 4, Banovo brdo<\/td>\n<\/tr>\n<tr>\n<td width=\"105\">Pred\u0161kolac<\/td>\n<td width=\"189\">Ponedeljak 16: 30 \u2013 18:30<\/td>\n<td width=\"198\">O\u0160 \u201e\u0110or\u0111e Krsti\u0107 \u201c, \u017divka Nasti\u0107a Babe 12, \u017darkovo<\/td>\n<\/tr>\n<tr>\n<td width=\"105\">Pred\u0161kolac<\/td>\n<td width=\"189\">Ponedeljak 17: 00 \u2013 19:00<\/td>\n<td width=\"198\">EC Mu\u0107kalica, Zrmanjska 4, Banovo brdo<\/td>\n<\/tr>\n<tr>\n<td width=\"105\">Pred\u0161kolac<\/td>\n<td width=\"189\">Sreda 17: 00 \u2013 19:00<\/td>\n<td width=\"198\">BERC, Ilije Stojadinovi\u0107a 16, Filmski grad<\/td>\n<\/tr>\n<tr>\n<td width=\"105\">\u017duta<\/p>\n<p>&nbsp;<\/td>\n<td width=\"189\">Sreda 17: 45 \u2013 19:15<\/td>\n<td width=\"198\">BERC, Ilije Stojadinovi\u0107a 16, Filmski grad<\/td>\n<\/tr>\n<tr>\n<td width=\"105\">\u017duta<\/p>\n<p>&nbsp;<\/td>\n<td width=\"189\">Subota 10:15 \u2013 11:45<\/td>\n<td width=\"198\">BERC, Ilije Stojadinovi\u0107a 16, Filmski grad<\/td>\n<\/tr>\n<tr>\n<td width=\"105\">\u017duta<\/p>\n<p>&nbsp;<\/td>\n<td width=\"189\">Subota od 12:30-14:00<\/p>\n<p>&nbsp;<\/td>\n<td width=\"198\">EC Mu\u0107kalica, Zrmanjska 4, Banovo brdo<\/td>\n<\/tr>\n<tr>\n<td width=\"105\">Narand\u017easta<\/p>\n<p>&nbsp;<\/td>\n<td width=\"189\">Subota 12:00 \u2013 13:30<\/td>\n<td width=\"198\">BERC, Ilije Stojadinovi\u0107a 16, Filmski grad<\/td>\n<\/tr>\n<tr>\n<td width=\"105\">Narand\u017easta<\/td>\n<td width=\"189\">Sreda 18:00-19:30<\/td>\n<td width=\"198\">O\u0160 \u201e\u0110or\u0111e Krsti\u0107 \u201c, \u017divka Nasti\u0107a Babe 12, \u017darkovo<\/td>\n<\/tr>\n<tr>\n<td width=\"105\">Crvena<\/td>\n<td width=\"189\">Utorak 18:00 \u2013 19:30<\/td>\n<td width=\"198\">O\u0160 \u201e\u0110or\u0111e Krsti\u0107 \u201c, \u017divka Nasti\u0107a Babe 12, \u017darkovo<\/td>\n<\/tr>\n<tr>\n<td width=\"105\">Crvena<\/p>\n<p>&nbsp;<\/td>\n<td width=\"189\">Subota 13:45 \u2013 15:15<\/td>\n<td width=\"198\">BERC, Ilije Stojadinovi\u0107a 16, Filmski grad<\/td>\n<\/tr>\n<tr>\n<td width=\"105\">Plava<\/p>\n<p>&nbsp;<\/td>\n<td width=\"189\">Subota 15:30\u2013 17:00<\/td>\n<td width=\"198\">BERC, Ilije Stojadinovi\u0107a 16, Filmski grad<\/td>\n<\/tr>\n<tr>\n<td width=\"105\">Plava<\/td>\n<td width=\"189\">\u010cetvrtak 18:00-19:30<\/td>\n<td width=\"198\">O\u0160 \u201e\u0110or\u0111e Krsti\u0107 \u201c \u017divka Nasti\u0107a Babe 12, \u017darkovo<\/td>\n<\/tr>\n<tr>\n<td width=\"105\">Zelena<\/td>\n<td width=\"189\">Ponedeljak 19:00-20:30<\/td>\n<td width=\"198\">O\u0160 \u201e\u0110or\u0111e Krsti\u0107 \u201c \u017divka Nasti\u0107a Babe 12, \u017darkovo<\/td>\n<\/tr>\n<\/tbody>\n<\/table>\n<p>[\/vc_column_text][\/vc_column][\/vc_row]<\/p>\n<\/div>","protected":false},"excerpt":{"rendered":"<p>[vc_row][vc_column][vc_column_text css=&#8221;&#8221;] Uzrasna grupa: Termin: Lokacija: Mini 4 &nbsp; Utorak 17:00\u2013 18:00 BERC, Ilije Stojadinovi\u0107a 16, Filmski grad Mini 4 &nbsp; Subota 11:15 \u2013 12:15 EC Mu\u0107kalica, Zrmanjska 4, Banovo brdo Bela &nbsp; Ponedeljak 16:30 \u2013 17:30 BERC, Ilije Stojadinovi\u0107a 16, Filmski grad Bela &nbsp; Utorak 18:15 \u2013 19:15 BERC, Ilije Stojadinovi\u0107a 16, Filmski grad [&hellip;]<\/p>\n","protected":false},"author":1,"featured_media":0,"parent":410,"menu_order":0,"comment_status":"closed","ping_status":"open","template":"","meta":{"footnotes":""},"_links":{"self":[{"href":"https:\/\/www.berc.rs\/index.php?rest_route=\/wp\/v2\/pages\/418"}],"collection":[{"href":"https:\/\/www.berc.rs\/index.php?rest_route=\/wp\/v2\/pages"}],"about":[{"href":"https:\/\/www.berc.rs\/index.php?rest_route=\/wp\/v2\/types\/page"}],"author":[{"embeddable":true,"href":"https:\/\/www.berc.rs\/index.php?rest_route=\/wp\/v2\/users\/1"}],"replies":[{"embeddable":true,"href":"https:\/\/www.berc.rs\/index.php?rest_route=%2Fwp%2Fv2%2Fcomments&post=418"}],"version-history":[{"count":2,"href":"https:\/\/www.berc.rs\/index.php?rest_route=\/wp\/v2\/pages\/418\/revisions"}],"predecessor-version":[{"id":2144,"href":"https:\/\/www.berc.rs\/index.php?rest_route=\/wp\/v2\/pages\/418\/revisions\/2144"}],"up":[{"embeddable":true,"href":"https:\/\/www.berc.rs\/index.php?rest_route=\/wp\/v2\/pages\/410"}],"wp:attachment":[{"href":"https:\/\/www.berc.rs\/index.php?rest_route=%2Fwp%2Fv2%2Fmedia&parent=418"}],"curies":[{"name":"wp","href":"https:\/\/api.w.org\/{rel}","templated":true}]}}