{"id":98,"date":"2013-08-28T21:19:02","date_gmt":"2013-08-28T19:19:02","guid":{"rendered":"http:\/\/www.berc.rs\/?page_id=98"},"modified":"2014-03-26T09:09:30","modified_gmt":"2014-03-26T08:09:30","slug":"pomoc-i-podrska-deci-u-savladavanju-predskolskog-i-skolskog-plana-i-programa","status":"publish","type":"page","link":"https:\/\/www.berc.rs\/?page_id=98","title":{"rendered":"Pomo\u0107 i podr\u0161ka deci u savladavanju pred\u0161kolskog i \u0161kolskog plana i programa"},"content":{"rendered":"<p>Namenjena je deci:<\/p>\n<p>&#8211; \u010diji roditelji nemaju dovoljno vremena da se posvete pripremi deteta za polazak u \u0161kolu ili pomaganju\u00a0 u u\u010denju i\u00a0 izradi doma\u0107ih zadataka,<\/p>\n<p>-deci koja kasne u pra\u0107enju pred\u0161kolskog i\u00a0 \u0161kolskog programa iz razli\u010ditih razloga (ne poha\u0111aju pred\u0161kolsku ustanovu, imaju razvojne smetnje, potrebno im je vi\u0161e vremena ili primena drugih metoda u radu).<\/p>\n","protected":false},"excerpt":{"rendered":"<p>Namenjena je deci: &#8211; \u010diji roditelji nemaju dovoljno vremena da se posvete pripremi deteta za polazak u \u0161kolu ili pomaganju\u00a0 u u\u010denju i\u00a0 izradi doma\u0107ih zadataka, -deci koja kasne u pra\u0107enju pred\u0161kolskog i\u00a0 \u0161kolskog programa iz razli\u010ditih razloga (ne poha\u0111aju pred\u0161kolsku ustanovu, imaju razvojne smetnje, potrebno im je vi\u0161e vremena ili primena drugih metoda u [&hellip;]<\/p>\n","protected":false},"author":1,"featured_media":0,"parent":2,"menu_order":2,"comment_status":"closed","ping_status":"closed","template":"","meta":{"footnotes":""},"_links":{"self":[{"href":"https:\/\/www.berc.rs\/index.php?rest_route=\/wp\/v2\/pages\/98"}],"collection":[{"href":"https:\/\/www.berc.rs\/index.php?rest_route=\/wp\/v2\/pages"}],"about":[{"href":"https:\/\/www.berc.rs\/index.php?rest_route=\/wp\/v2\/types\/page"}],"author":[{"embeddable":true,"href":"https:\/\/www.berc.rs\/index.php?rest_route=\/wp\/v2\/users\/1"}],"replies":[{"embeddable":true,"href":"https:\/\/www.berc.rs\/index.php?rest_route=%2Fwp%2Fv2%2Fcomments&post=98"}],"version-history":[{"count":0,"href":"https:\/\/www.berc.rs\/index.php?rest_route=\/wp\/v2\/pages\/98\/revisions"}],"up":[{"embeddable":true,"href":"https:\/\/www.berc.rs\/index.php?rest_route=\/wp\/v2\/pages\/2"}],"wp:attachment":[{"href":"https:\/\/www.berc.rs\/index.php?rest_route=%2Fwp%2Fv2%2Fmedia&parent=98"}],"curies":[{"name":"wp","href":"https:\/\/api.w.org\/{rel}","templated":true}]}}