{"id":985,"date":"2021-01-08T23:13:11","date_gmt":"2021-01-08T22:13:11","guid":{"rendered":"http:\/\/www.berc.rs\/?page_id=985"},"modified":"2023-08-28T23:34:29","modified_gmt":"2023-08-28T21:34:29","slug":"vezbe-za-razvoj-cula-i-pokreta-beba","status":"publish","type":"page","link":"https:\/\/www.berc.rs\/?page_id=985","title":{"rendered":"NTC za mame i bebe"},"content":{"rendered":"<div class=\"wpb-content-wrapper\"><p>[vc_row][vc_column][vc_column_text]Program\u00a0<strong>NTC 0 &#8211; 3 ( NTC ve\u017ebe za mame i bebe )<\/strong>\u00a0je namenjen bebama i deci od ro\u0111enja do tre\u0107e godine\u00a0 i njihovim roditeljima. Osnovni ciljevi programa su da deca kroz igru i NTC principe rada stimuli\u0161u\u00a0 motori\u010dki , jezi\u010dki , \u00a0kognitivni \u00a0i socio \u2013 emocionalni razvoj .<\/p>\n<p>Program <strong>NTC 0-3 ( NTC ve\u017ebe za mame i bebe )<\/strong>\u00a0je namenjen bebama i deci od ro\u0111enja do tre\u0107e godine\u00a0 i njihovim roditeljima. Osnovni ciljevi programa su da deca kroz igru i NTC principe rada stimuli\u0161u\u00a0 motori\u010dki, jezi\u010dki i kognitivni razvoj. Program obuhvata:<br \/>\n-senzomotornu stimulaciju,<br \/>\n-ve\u017ebe usvajanja pravilnih motornih obrazaca<br \/>\n-ve\u017ebe po\u010detnog progovaranja i formiranje baze jezika,<br \/>\n-ve\u017ebe za razvoj pa\u017enje,<br \/>\n-ve\u017ebe za razvoj kognitivnih sposobnosti<br \/>\n-ve\u017ebe stimulacije i integracije primitivnih refleksa.<\/p>\n<p>Program<strong>\u00a0NTC 0 \u2013 3 <\/strong>\u00a0se sastoji \u00a0iz pet radionica. \u010cetiri radionice se izvode kroz neposredni rad ili online , a peta radionica je online predavanje dr Ranka Rajovi\u0107a \u2013 I deo NTC seminara za roditelje.<\/p>\n<p>Deca su na radionicama podeljena u dve grupe, po uzrastu od 0-18 meseci i 18 \u2013 36 meseci i trenutnim sposobnostima.Ciklus traje 4 nedelje nakon \u010dega roditelji dobijaju priru\u010dnik sa predlogom ve\u017ebi i igara za rad kod ku\u0107e i prakti\u010dnim savetima. Upisi se vr\u0161e tokom cele godine.<\/p>\n<p>Radionice se odr\u017eavaju jednom nedeljno u trajanju od 60 minuta.<\/p>\n<p><strong>U\u017dIVO PROGRAM<\/strong><br \/>\nUzrast od 0-18 meseci \u010detvrtkom od 17.00 do 18.00\u010d<br \/>\nUzrast od 18 -36 meseci \u010detvrtkom od 18.15 do 19.15\u010d<br \/>\nLokacija: NEPOSREDNO U PROSTORU &#8211; BERC, Ilije Stojadinovi\u0107a 16, Filmski grad, \u010cukarica<\/p>\n<p><strong>ONLINE PROGRAM<\/strong><br \/>\nUtorak od 18.00 do 19.00\u010d<\/p>\n<p>Cena ciklusa je 12 000 za radionice u Beogradu, a 10 000 za radionice koje se realizuju u unutra\u0161njosti . Cena online programa je 10 000 .<\/p>\n<p>Pla\u0107anje se vr\u0161i u celosti , pre po\u010detka ciklusa .<\/p>\n<p>Po\u010dnimo na vreme od prvih pokreta i glasova da bismo stvorili temelj za pravilan rast i razvoj deteta.<\/p>\n<p><strong>Kontakt:<\/strong><br \/>\n064\/5767-442<\/p>\n<p><strong>Prijave i informacije :<\/strong>[\/vc_column_text][\/vc_column][\/vc_row][vc_row][vc_column]\n<div class=\"wpcf7 no-js\" id=\"wpcf7-f790-o1\" lang=\"en-US\" dir=\"ltr\">\n<div class=\"screen-reader-response\"><p role=\"status\" aria-live=\"polite\" aria-atomic=\"true\"><\/p> <ul><\/ul><\/div>\n<form action=\"\/index.php?rest_route=%2Fwp%2Fv2%2Fpages%2F985#wpcf7-f790-o1\" method=\"post\" class=\"wpcf7-form init\" aria-label=\"Contact form\" novalidate=\"novalidate\" data-status=\"init\">\n<div style=\"display: none;\">\n<input type=\"hidden\" name=\"_wpcf7\" value=\"790\" \/>\n<input type=\"hidden\" name=\"_wpcf7_version\" value=\"5.9.8\" \/>\n<input type=\"hidden\" name=\"_wpcf7_locale\" value=\"en_US\" \/>\n<input type=\"hidden\" name=\"_wpcf7_unit_tag\" value=\"wpcf7-f790-o1\" \/>\n<input type=\"hidden\" name=\"_wpcf7_container_post\" value=\"0\" \/>\n<input type=\"hidden\" name=\"_wpcf7_posted_data_hash\" value=\"\" \/>\n<\/div>\n<p><label> Ime i prezime *<br \/>\n<span class=\"wpcf7-form-control-wrap\" data-name=\"your-name\"><input size=\"40\" maxlength=\"400\" class=\"wpcf7-form-control wpcf7-text wpcf7-validates-as-required\" aria-required=\"true\" aria-invalid=\"false\" value=\"\" type=\"text\" name=\"your-name\" \/><\/span> <\/label>\n<\/p>\n<p><label> Email *<br \/>\n<span class=\"wpcf7-form-control-wrap\" data-name=\"your-email\"><input size=\"40\" maxlength=\"400\" class=\"wpcf7-form-control wpcf7-email wpcf7-validates-as-required wpcf7-text wpcf7-validates-as-email\" aria-required=\"true\" aria-invalid=\"false\" value=\"\" type=\"email\" name=\"your-email\" \/><\/span> <\/label>\n<\/p>\n<p><label> telefon<br \/>\n<span class=\"wpcf7-form-control-wrap\" data-name=\"your-subject\"><input size=\"40\" maxlength=\"400\" class=\"wpcf7-form-control wpcf7-text\" aria-invalid=\"false\" value=\"\" type=\"text\" name=\"your-subject\" \/><\/span> <\/label>\n<\/p>\n<p><label> Va\u0161a poruka<br \/>\n<span class=\"wpcf7-form-control-wrap\" data-name=\"your-message\"><textarea cols=\"40\" rows=\"10\" maxlength=\"2000\" class=\"wpcf7-form-control wpcf7-textarea\" aria-invalid=\"false\" name=\"your-message\"><\/textarea><\/span> <\/label>\n<\/p>\n<p><input class=\"wpcf7-form-control wpcf7-submit has-spinner\" type=\"submit\" value=\"Po\u0161alji\" \/>\n<\/p>\n<p><label> *Obavezno polje<\/label>\n<\/p><div class=\"wpcf7-response-output\" aria-hidden=\"true\"><\/div>\n<\/form>\n<\/div>\n[\/vc_column][\/vc_row]<\/p>\n<\/div>","protected":false},"excerpt":{"rendered":"<p>[vc_row][vc_column][vc_column_text]Program\u00a0NTC 0 &#8211; 3 ( NTC ve\u017ebe za mame i bebe )\u00a0je namenjen bebama i deci od ro\u0111enja do tre\u0107e godine\u00a0 i njihovim roditeljima. Osnovni ciljevi programa su da deca kroz igru i NTC principe rada stimuli\u0161u\u00a0 motori\u010dki , jezi\u010dki , \u00a0kognitivni \u00a0i socio \u2013 emocionalni razvoj . Program NTC 0-3 ( NTC ve\u017ebe za [&hellip;]<\/p>\n","protected":false},"author":1,"featured_media":1794,"parent":0,"menu_order":0,"comment_status":"closed","ping_status":"closed","template":"","meta":{"footnotes":""},"_links":{"self":[{"href":"https:\/\/www.berc.rs\/index.php?rest_route=\/wp\/v2\/pages\/985"}],"collection":[{"href":"https:\/\/www.berc.rs\/index.php?rest_route=\/wp\/v2\/pages"}],"about":[{"href":"https:\/\/www.berc.rs\/index.php?rest_route=\/wp\/v2\/types\/page"}],"author":[{"embeddable":true,"href":"https:\/\/www.berc.rs\/index.php?rest_route=\/wp\/v2\/users\/1"}],"replies":[{"embeddable":true,"href":"https:\/\/www.berc.rs\/index.php?rest_route=%2Fwp%2Fv2%2Fcomments&post=985"}],"version-history":[{"count":0,"href":"https:\/\/www.berc.rs\/index.php?rest_route=\/wp\/v2\/pages\/985\/revisions"}],"wp:featuredmedia":[{"embeddable":true,"href":"https:\/\/www.berc.rs\/index.php?rest_route=\/wp\/v2\/media\/1794"}],"wp:attachment":[{"href":"https:\/\/www.berc.rs\/index.php?rest_route=%2Fwp%2Fv2%2Fmedia&parent=985"}],"curies":[{"name":"wp","href":"https:\/\/api.w.org\/{rel}","templated":true}]}}